{"id":58,"date":"2015-11-30T15:44:12","date_gmt":"2015-11-30T14:44:12","guid":{"rendered":"http:\/\/chromax.pl\/chromax\/?page_id=58"},"modified":"2018-02-13T20:18:11","modified_gmt":"2018-02-13T19:18:11","slug":"ogolne-warunki-sprzedazy","status":"publish","type":"page","link":"http:\/\/chromax.pl\/de\/ogolne-warunki-sprzedazy\/","title":{"rendered":"ALLGEMEINE VERKAUFSBEDINGUNGEN"},"content":{"rendered":"<p><\/p>\n<h2 style=\"font-weight: lighter; text-align: center;\">ALLGEMEINE VERKAUFSBEDINGUNGEN<\/h2>\n<h2 style=\"font-weight: lighter; text-align: center;\">CHROMAX, Zak\u0142ad Obr\u00f3bki Metalu Iwona Perzy\u0144ska<br \/>\n55-220 Jelcz Laskowice, ul. Belgijska 12<\/h2>\n<h2 style=\"font-weight: lighter; text-align: center;\">\u00a7 1<\/h2>\n<p>Die vorliegenden allgemeinen Verkaufsbedingungen sind die einzige g\u00fcltige Vertragsgrundlage bez\u00fcglich des Verkaufs von Produkten der Firma Chromax. Dieser Vertrag erh\u00e4lt Vorrang vor allen anderen Vereinbarungen und schlie\u00dft die Anwendung von anderen Vertragsvorlagen aus.<\/p>\n<h2 style=\"font-weight: lighter; text-align: center;\">\u00a7 2<\/h2>\n<p>Die Zahlung des f\u00e4lligen Betrags f\u00fcr die gekauften Waren soll innerhalb des auf der Rechnung angegeben Zahlungstermin erfolgen, unabh\u00e4ngig von Reklamation.<\/p>\n<h2 style=\"font-weight: lighter; text-align: center;\">\u00a7 3<\/h2>\n<p>Bei Zahlungsverz\u00f6gerung werden die gesetzlich geregelten Verzugszinsen hinzugerechnet.<\/p>\n<h2 style=\"font-weight: lighter; text-align: center;\">\u00a7 4<\/h2>\n<p>Die Ware bleibt bis zur restlosen Bezahlung unser Eigentum.<\/p>\n<h2 style=\"font-weight: lighter; text-align: center;\">\u00a7 5<\/h2>\n<p>Bei Zahlungsverz\u00f6gerung beh\u00e4lt sich die Firma Chromax das Recht vor, die\u00a0Lieferung der Ware bis zum Eingang des f\u00e4lligen Betrags zur\u00fcckzuhalten und die Verzugszinsen zu berechnen<\/p>\n<h2 style=\"font-weight: lighter; text-align: center;\">\u00a7 6<\/h2>\n<p>Der K\u00e4ufer ist verpflichtet, die Ware zum Zeitpunkt der Zustellung zu \u00fcberpr\u00fcfen. Reklamationen\u00a0betreffend Qualit\u00e4tsabweichung (Form, Gr\u00f6\u00dfe, Leistung) k\u00f6nnen innerhalb von 14 Tagen ab dem Datum der Lieferung eingereicht werden. Nach Ablauf von 14 Tagen werden die Reklamationen nicht mehr ber\u00fccksichtigt, die Ware muss trotzdem bezahlt werden.<\/p>\n<h2 style=\"font-weight: lighter; text-align: center;\">\u00a7 7<\/h2>\n<p>Bestellungen bez\u00fcglich der Menge, Produkttyp, Gr\u00f6\u00dfe und alle zus\u00e4tzlichen Informationen, m\u00fcssen vom K\u00e4ufer in schriftlicher Form vorgelegt werden an die E-Mail-Adresse:\u00a0zdzislaw.walorski@chromax.pl oder biuro@chromax.pl, oder per Post an folgende Adresse: CHROMAX, Zak\u0142ad Obr\u00f3bki Metalu Iwona Perzy\u0144ska, 55-220 Jelcz Laskowice, ul. Belgijska 12.<\/p>\n<p>Die Bestellungsbest\u00e4tigung schickt die Firma Chromax an den K\u00e4ufer in schriftlicher oder elektronischer Form innerhalb von 3 Tagen nach dem Eingang der Bestellung.<\/p>\n<h2 style=\"font-weight: lighter; text-align: center;\">\u00a7 8<\/h2>\n<p>Nachtr\u00e4gliche\u00a0\u00c4nderungen der Bestellung\u00a0k\u00f6nnen vom Kunden nur mit Zustimmung\u00a0der\u00a0 Firma Chromax in schriftlicher oder elektronischer Form, jedoch nur solange, bis die Bestellung bearbeitet ist.<\/p>\n<h2 style=\"font-weight: lighter; text-align: center;\">\u00a7 9<\/h2>\n<p>Sowol bei schriftlicher Stornierung\u00a0des\u00a0Auftrages, als auch bei Annahmeverzug und R\u00fccktritt vom Vertrag mit Zustimmung\u00a0der\u00a0 Firma Chromax, ist der K\u00e4ufer verpflichtet alle Kosten f\u00fcr die Herstellung, Lagerung von Waren selbst zu zahlen. Die Firma Chromax beh\u00e4lt sich das Recht vor, Schadenersatz zu fordern nach allgemein geltenden Regeln.<\/p>\n<h2 style=\"font-weight: lighter; text-align: center;\">\u00a7 10<\/h2>\n<p>Der K\u00e4ufer ist verpflichtet, die Ware zum vereinbarten Liferdatum und in vollem Lieferumgang abzucholen.<\/p>\n<p>Bei der Lieferung der Ware durch Drittanbietern oder beim Eigentransport durch den K\u00e4ufer- ist dieser verpflichtet, die Ware innerhalb von 3 Tagen nach schriftlicher oder elektronischer Benachrichtigung \u00fcber die Verf\u00fcgbarkeit, abzuholen. Nach Ablauf dieser Frist, beh\u00e4lt sich die Firma Chromax das Recht vor, die Ware an die Adresse des K\u00e4ufers auf dessen eigene Gefahr zu schicken. Im Falle der Entstehung eines Verzuges beim Abholen der Ware k\u00f6nnen die gesetzlich geregelten Verzugszinsen hinzugerechnet werden- dies schlie\u00dft nicht\u00a0das Recht des Unternehmens Chromax aus eine Entsch\u00e4digung zu verlangen.<\/p>\n<p>Firma Chromax beh\u00e4lt sich das Recht vor, die Verpackung von Ware in Rechnung zu stellen- die Vertragsparteien bestimmen den Preis der Verpackungen. Der K\u00e4ufer erkl\u00e4rt sich damit einverstanden,\u00a0dass\u00a0der Verpackungpreis in den Preis der Ware eingerechnet wird<\/p>\n<h2 style=\"font-weight: lighter; text-align: center;\">\u00a7 11<\/h2>\n<p>Falls bestimmte Bereiche in diesem\u00a0Vertrag nicht\u00a0geregelt sind, werden die Bestimmungen des polnischen Rechts verwendet. Falls es Abweichungen in allgemeinen Verkaufsbedingungen der Firma Chromax aufgrund der Sprache oder \u00dcbersetzung aus dem polnischen Version gibt, gilt die polnische Version.<\/p>\n<h2 style=\"font-weight: lighter; text-align: center;\">\u00a7 12<\/h2>\n<p>Im Fall h\u00f6herer Gewalt oder\u00a0au\u00dfergew\u00f6hnlicher Umst\u00e4nde sind die Parteien von Haftung bei Nichterbringen des Vertrags befreit. Die andere Vertragspartei\u00a0muss jedoch schriftlich und rechtzeitig dar\u00fcber informiert werden. Unabh\u00e4ngig von h\u00f6herer Gewalt ist der K\u00e4ufer f\u00fcr\u00a0gelieferte Ware zu zahlen verpflichtet.<\/p>\n<h2 style=\"font-weight: lighter; text-align: center;\">\u00a7 13<\/h2>\n<p>Streitigkeiten werden vom polnischen Gericht entschieden, das f\u00fcr\u00a0den\u00a0Hauptsitz der Firma Chromax zust\u00e4ndig ist.<\/p>\n<h2 style=\"font-weight: lighter; text-align: center;\">\u00a7 14<\/h2>\n<p>Im\u00a0Rahmen\u00a0dieses Abkommens gelten die Vorschriften\u00a0des\u00a0polnischen Rechts, insbesondere\u00a0die Bestimmungen des polnischen Zivilgesetzbuch<\/p>\n<h1 style=\"font-weight: lighter; text-align: center;\">Wenn Sie bei uns kaufen, akzeptieren Sie die allgemeinen Verkaufsbedingungen der Firma Chromax<\/h1>\n<p><\/p>","protected":false},"excerpt":{"rendered":"<p>ALLGEMEINE VERKAUFSBEDINGUNGEN CHROMAX, Zak\u0142ad Obr\u00f3bki Metalu Iwona Perzy\u0144ska 55-220 Jelcz Laskowice, ul. Belgijska 12 \u00a7 1 Die vorliegenden allgemeinen Verkaufsbedingungen sind die einzige g\u00fcltige Vertragsgrundlage bez\u00fcglich des Verkaufs von Produkten der Firma Chromax. Dieser Vertrag erh\u00e4lt Vorrang vor allen anderen Vereinbarungen und schlie\u00dft die Anwendung von anderen Vertragsvorlagen aus. \u00a7 2 Die Zahlung des f\u00e4lligen&nbsp; <a href=\"http:\/\/chromax.pl\/de\/ogolne-warunki-sprzedazy\/\"> czytaj dalej&hellip; <i class=\"glyphicon glyphicon-chevron-right\"><\/i><\/a><\/p>\n","protected":false},"author":1,"featured_media":0,"parent":0,"menu_order":0,"comment_status":"closed","ping_status":"closed","template":"page_noheader.php","meta":{"_acf_changed":false,"footnotes":""},"class_list":["post-58","page","type-page","status-publish","hentry"],"acf":[],"aioseo_notices":[],"_links":{"self":[{"href":"http:\/\/chromax.pl\/de\/wp-json\/wp\/v2\/pages\/58"}],"collection":[{"href":"http:\/\/chromax.pl\/de\/wp-json\/wp\/v2\/pages"}],"about":[{"href":"http:\/\/chromax.pl\/de\/wp-json\/wp\/v2\/types\/page"}],"author":[{"embeddable":true,"href":"http:\/\/chromax.pl\/de\/wp-json\/wp\/v2\/users\/1"}],"replies":[{"embeddable":true,"href":"http:\/\/chromax.pl\/de\/wp-json\/wp\/v2\/comments?post=58"}],"version-history":[{"count":6,"href":"http:\/\/chromax.pl\/de\/wp-json\/wp\/v2\/pages\/58\/revisions"}],"predecessor-version":[{"id":345,"href":"http:\/\/chromax.pl\/de\/wp-json\/wp\/v2\/pages\/58\/revisions\/345"}],"wp:attachment":[{"href":"http:\/\/chromax.pl\/de\/wp-json\/wp\/v2\/media?parent=58"}],"curies":[{"name":"wp","href":"https:\/\/api.w.org\/{rel}","templated":true}]}}